{"id":535,"date":"2023-03-17T22:38:08","date_gmt":"2023-03-18T01:38:08","guid":{"rendered":"https:\/\/arcoconsultoria.polijuniorengenharia.com.br\/?page_id=535"},"modified":"2023-08-03T23:39:25","modified_gmt":"2023-08-04T02:39:25","slug":"arco_projetosmodelo","status":"publish","type":"page","link":"https:\/\/arcoconsultoria.polijuniorengenharia.com.br\/index.php\/arco_projetosmodelo\/","title":{"rendered":"Apartamento Leonardo e L\u00edvia"},"content":{"rendered":"\t\t<div data-elementor-type=\"wp-page\" data-elementor-id=\"535\" class=\"elementor elementor-535\">\n\t\t\t\t\t\t\t\t\t<section class=\"elementor-section elementor-top-section elementor-element elementor-element-5a18972c elementor-section-full_width elementor-section-height-min-height elementor-section-items-stretch elementor-section-content-bottom elementor-section-height-default\" data-id=\"5a18972c\" data-element_type=\"section\" data-settings=\"{&quot;background_background&quot;:&quot;classic&quot;}\">\n\t\t\t\t\t\t<div class=\"elementor-container elementor-column-gap-no\">\n\t\t\t\t\t<div class=\"elementor-column elementor-col-50 elementor-top-column elementor-element elementor-element-1286ed78\" data-id=\"1286ed78\" data-element_type=\"column\" data-settings=\"{&quot;background_background&quot;:&quot;classic&quot;}\">\n\t\t\t<div class=\"elementor-widget-wrap elementor-element-populated\">\n\t\t\t\t\t\t\t\t<div class=\"elementor-element elementor-element-455b7974 elementor-widget elementor-widget-heading\" data-id=\"455b7974\" data-element_type=\"widget\" data-widget_type=\"heading.default\">\n\t\t\t\t<div class=\"elementor-widget-container\">\n\t\t\t<style>\/*! elementor - v3.11.3 - 07-03-2023 *\/\n.elementor-heading-title{padding:0;margin:0;line-height:1}.elementor-widget-heading .elementor-heading-title[class*=elementor-size-]>a{color:inherit;font-size:inherit;line-height:inherit}.elementor-widget-heading .elementor-heading-title.elementor-size-small{font-size:15px}.elementor-widget-heading .elementor-heading-title.elementor-size-medium{font-size:19px}.elementor-widget-heading .elementor-heading-title.elementor-size-large{font-size:29px}.elementor-widget-heading .elementor-heading-title.elementor-size-xl{font-size:39px}.elementor-widget-heading .elementor-heading-title.elementor-size-xxl{font-size:59px}<\/style><h1 class=\"elementor-heading-title elementor-size-default\">APARTAMENTO LEONARDO E L\u00cdVIA<\/h1>\t\t<\/div>\n\t\t\t\t<\/div>\n\t\t\t\t<div class=\"elementor-element elementor-element-5cae398b elementor-widget elementor-widget-heading\" data-id=\"5cae398b\" data-element_type=\"widget\" data-widget_type=\"heading.default\">\n\t\t\t\t<div class=\"elementor-widget-container\">\n\t\t\t<h6 class=\"elementor-heading-title elementor-size-default\">Nesse apartamento de uma nova fam\u00edlia, os desafios foram superados com um projeto bem resolvido. Na \u00e1rea comum todos os espa\u00e7os s\u00e3o integrados, com uma paleta de cores neutra e harm\u00f4nica, a varanda se une a sala, que por sua vez se encontra com a cozinha e a sala de jantar. Apesar desses ambientes estarem juntos sem nenhuma barreira f\u00edsica de paredes, cada um tamb\u00e9m pode ser sentido individualmente, atrav\u00e9s das escolhas projetuais, criando ao fim um espa\u00e7o convidativo e confort\u00e1vel para toda a fam\u00edlia.\n<\/h6>\t\t<\/div>\n\t\t\t\t<\/div>\n\t\t\t\t\t<\/div>\n\t\t<\/div>\n\t\t\t\t<div class=\"elementor-column elementor-col-50 elementor-top-column elementor-element elementor-element-ced6896 elementor-hidden-mobile\" data-id=\"ced6896\" data-element_type=\"column\">\n\t\t\t<div class=\"elementor-widget-wrap elementor-element-populated\">\n\t\t\t\t\t\t\t\t<div class=\"elementor-element elementor-element-54124b79 elementor-hidden-tablet elementor-hidden-mobile elementor-widget elementor-widget-image\" data-id=\"54124b79\" data-element_type=\"widget\" data-widget_type=\"image.default\">\n\t\t\t\t<div class=\"elementor-widget-container\">\n\t\t\t<style>\/*! elementor - v3.11.3 - 07-03-2023 *\/\n.elementor-widget-image{text-align:center}.elementor-widget-image a{display:inline-block}.elementor-widget-image a img[src$=\".svg\"]{width:48px}.elementor-widget-image img{vertical-align:middle;display:inline-block}<\/style>\t\t\t\t\t\t\t\t\t\t\t\t<img decoding=\"async\" width=\"800\" height=\"825\" src=\"https:\/\/arcoconsultoria.polijuniorengenharia.com.br\/wp-content\/uploads\/2023\/03\/arcoPrancheta-16-993x1024.png\" class=\"attachment-large size-large wp-image-305\" alt=\"\" srcset=\"https:\/\/arcoconsultoria.polijuniorengenharia.com.br\/wp-content\/uploads\/2023\/03\/arcoPrancheta-16-993x1024.png 993w, https:\/\/arcoconsultoria.polijuniorengenharia.com.br\/wp-content\/uploads\/2023\/03\/arcoPrancheta-16-291x300.png 291w, https:\/\/arcoconsultoria.polijuniorengenharia.com.br\/wp-content\/uploads\/2023\/03\/arcoPrancheta-16-768x792.png 768w, https:\/\/arcoconsultoria.polijuniorengenharia.com.br\/wp-content\/uploads\/2023\/03\/arcoPrancheta-16-1489x1536.png 1489w, https:\/\/arcoconsultoria.polijuniorengenharia.com.br\/wp-content\/uploads\/2023\/03\/arcoPrancheta-16-1986x2048.png 1986w\" sizes=\"(max-width: 800px) 100vw, 800px\" \/>\t\t\t\t\t\t\t\t\t\t\t\t\t\t\t<\/div>\n\t\t\t\t<\/div>\n\t\t\t\t\t<\/div>\n\t\t<\/div>\n\t\t\t\t\t\t\t<\/div>\n\t\t<\/section>\n\t\t\t\t<section class=\"elementor-section elementor-top-section elementor-element elementor-element-6901afe0 elementor-section-full_width elementor-section-content-bottom elementor-section-height-default elementor-section-height-default\" data-id=\"6901afe0\" data-element_type=\"section\" data-settings=\"{&quot;background_background&quot;:&quot;classic&quot;}\">\n\t\t\t\t\t\t<div class=\"elementor-container elementor-column-gap-default\">\n\t\t\t\t\t<div class=\"elementor-column elementor-col-100 elementor-top-column elementor-element elementor-element-33c94df9\" data-id=\"33c94df9\" data-element_type=\"column\">\n\t\t\t<div class=\"elementor-widget-wrap elementor-element-populated\">\n\t\t\t\t\t\t\t\t<div class=\"elementor-element elementor-element-6f5aec8d elementor-arrows-position-inside elementor-widget elementor-widget-image-carousel\" data-id=\"6f5aec8d\" data-element_type=\"widget\" data-settings=\"{&quot;slides_to_show&quot;:&quot;3&quot;,&quot;navigation&quot;:&quot;arrows&quot;,&quot;slides_to_show_tablet&quot;:&quot;1&quot;,&quot;slides_to_show_mobile&quot;:&quot;1&quot;,&quot;autoplay&quot;:&quot;yes&quot;,&quot;pause_on_hover&quot;:&quot;yes&quot;,&quot;pause_on_interaction&quot;:&quot;yes&quot;,&quot;autoplay_speed&quot;:5000,&quot;infinite&quot;:&quot;yes&quot;,&quot;speed&quot;:500,&quot;image_spacing_custom&quot;:{&quot;unit&quot;:&quot;px&quot;,&quot;size&quot;:20,&quot;sizes&quot;:[]}}\" data-widget_type=\"image-carousel.default\">\n\t\t\t\t<div class=\"elementor-widget-container\">\n\t\t\t<style>\/*! elementor - v3.11.3 - 07-03-2023 *\/\n.elementor-widget-image-carousel .swiper,.elementor-widget-image-carousel .swiper-container{position:static}.elementor-widget-image-carousel .swiper-container .swiper-slide figure,.elementor-widget-image-carousel .swiper .swiper-slide figure{line-height:inherit}.elementor-widget-image-carousel .swiper-slide{text-align:center}.elementor-image-carousel-wrapper:not(.swiper-container-initialized) .swiper-slide,.elementor-image-carousel-wrapper:not(.swiper-initialized) .swiper-slide{max-width:calc(100% \/ var(--e-image-carousel-slides-to-show, 3))}<\/style>\t\t<div class=\"elementor-image-carousel-wrapper swiper\" dir=\"ltr\">\n\t\t\t<div class=\"elementor-image-carousel swiper-wrapper\">\n\t\t\t\t\t\t\t\t<div class=\"swiper-slide\"><figure class=\"swiper-slide-inner\"><img decoding=\"async\" class=\"swiper-slide-image\" src=\"https:\/\/arcoconsultoria.polijuniorengenharia.com.br\/wp-content\/uploads\/2023\/04\/Copia-de-RENDER-SUITE-2-768x432.png\" alt=\"C\u00f3pia de RENDER SU\u00cdTE 2\" \/><\/figure><\/div><div class=\"swiper-slide\"><figure class=\"swiper-slide-inner\"><img decoding=\"async\" class=\"swiper-slide-image\" src=\"https:\/\/arcoconsultoria.polijuniorengenharia.com.br\/wp-content\/uploads\/2023\/04\/Copia-de-RENDER-SALA-3-768x432.png\" alt=\"C\u00f3pia de RENDER SALA 3\" \/><\/figure><\/div><div class=\"swiper-slide\"><figure class=\"swiper-slide-inner\"><img decoding=\"async\" class=\"swiper-slide-image\" src=\"https:\/\/arcoconsultoria.polijuniorengenharia.com.br\/wp-content\/uploads\/2023\/04\/Copia-de-RENDER-SALA-2-768x432.png\" alt=\"C\u00f3pia de RENDER SALA 2\" \/><\/figure><\/div><div class=\"swiper-slide\"><figure class=\"swiper-slide-inner\"><img decoding=\"async\" class=\"swiper-slide-image\" src=\"https:\/\/arcoconsultoria.polijuniorengenharia.com.br\/wp-content\/uploads\/2023\/04\/Copia-de-RENDER-INFANTIL-2-768x432.png\" alt=\"C\u00f3pia de RENDER INFANTIL 2\" \/><\/figure><\/div><div class=\"swiper-slide\"><figure class=\"swiper-slide-inner\"><img decoding=\"async\" class=\"swiper-slide-image\" src=\"https:\/\/arcoconsultoria.polijuniorengenharia.com.br\/wp-content\/uploads\/2023\/04\/Copia-de-RENDER-FUNCIONAL-2-768x432.png\" alt=\"C\u00f3pia de RENDER FUNCIONAL 2\" \/><\/figure><\/div>\t\t\t<\/div>\n\t\t\t\t\t\t\t\t\t\t\t\t\t\t\t\t<div class=\"elementor-swiper-button elementor-swiper-button-prev\">\n\t\t\t\t\t\t<i aria-hidden=\"true\" class=\"eicon-chevron-left\"><\/i>\t\t\t\t\t\t<span class=\"elementor-screen-only\">Anterior<\/span>\n\t\t\t\t\t<\/div>\n\t\t\t\t\t<div class=\"elementor-swiper-button elementor-swiper-button-next\">\n\t\t\t\t\t\t<i aria-hidden=\"true\" class=\"eicon-chevron-right\"><\/i>\t\t\t\t\t\t<span class=\"elementor-screen-only\">Pr\u00f3ximo<\/span>\n\t\t\t\t\t<\/div>\n\t\t\t\t\t\t\t\t\t<\/div>\n\t\t\t\t<\/div>\n\t\t\t\t<\/div>\n\t\t\t\t\t<\/div>\n\t\t<\/div>\n\t\t\t\t\t\t\t<\/div>\n\t\t<\/section>\n\t\t\t\t<section class=\"elementor-section elementor-top-section elementor-element elementor-element-358b0924 elementor-section-boxed elementor-section-height-default elementor-section-height-default\" data-id=\"358b0924\" data-element_type=\"section\">\n\t\t\t\t\t\t<div class=\"elementor-container elementor-column-gap-default\">\n\t\t\t\t\t<div class=\"elementor-column elementor-col-100 elementor-top-column elementor-element elementor-element-22087c20\" data-id=\"22087c20\" data-element_type=\"column\">\n\t\t\t<div class=\"elementor-widget-wrap elementor-element-populated\">\n\t\t\t\t\t\t\t\t<div class=\"elementor-element elementor-element-3dfa028f elementor-widget elementor-widget-image\" data-id=\"3dfa028f\" data-element_type=\"widget\" data-widget_type=\"image.default\">\n\t\t\t\t<div class=\"elementor-widget-container\">\n\t\t\t\t\t\t\t\t\t\t\t\t\t\t\t<img decoding=\"async\" width=\"800\" height=\"825\" src=\"https:\/\/arcoconsultoria.polijuniorengenharia.com.br\/wp-content\/uploads\/2023\/03\/arcoPrancheta-16-993x1024.png\" class=\"attachment-large size-large wp-image-305\" alt=\"\" srcset=\"https:\/\/arcoconsultoria.polijuniorengenharia.com.br\/wp-content\/uploads\/2023\/03\/arcoPrancheta-16-993x1024.png 993w, https:\/\/arcoconsultoria.polijuniorengenharia.com.br\/wp-content\/uploads\/2023\/03\/arcoPrancheta-16-291x300.png 291w, https:\/\/arcoconsultoria.polijuniorengenharia.com.br\/wp-content\/uploads\/2023\/03\/arcoPrancheta-16-768x792.png 768w, https:\/\/arcoconsultoria.polijuniorengenharia.com.br\/wp-content\/uploads\/2023\/03\/arcoPrancheta-16-1489x1536.png 1489w, https:\/\/arcoconsultoria.polijuniorengenharia.com.br\/wp-content\/uploads\/2023\/03\/arcoPrancheta-16-1986x2048.png 1986w\" sizes=\"(max-width: 800px) 100vw, 800px\" \/>\t\t\t\t\t\t\t\t\t\t\t\t\t\t\t<\/div>\n\t\t\t\t<\/div>\n\t\t\t\t\t<\/div>\n\t\t<\/div>\n\t\t\t\t\t\t\t<\/div>\n\t\t<\/section>\n\t\t\t\t\t\t\t<\/div>\n\t\t","protected":false},"excerpt":{"rendered":"<p>APARTAMENTO LEONARDO E L\u00cdVIA Nesse apartamento de uma nova fam\u00edlia, os desafios foram superados com um projeto bem resolvido. Na \u00e1rea comum todos os espa\u00e7os s\u00e3o integrados, com uma paleta de cores neutra e harm\u00f4nica, a varanda se une a sala, que por sua vez se encontra com a cozinha e a sala de jantar. [&hellip;]<\/p>\n","protected":false},"author":1,"featured_media":0,"parent":0,"menu_order":0,"comment_status":"closed","ping_status":"closed","template":"","meta":{"footnotes":""},"_links":{"self":[{"href":"https:\/\/arcoconsultoria.polijuniorengenharia.com.br\/index.php\/wp-json\/wp\/v2\/pages\/535"}],"collection":[{"href":"https:\/\/arcoconsultoria.polijuniorengenharia.com.br\/index.php\/wp-json\/wp\/v2\/pages"}],"about":[{"href":"https:\/\/arcoconsultoria.polijuniorengenharia.com.br\/index.php\/wp-json\/wp\/v2\/types\/page"}],"author":[{"embeddable":true,"href":"https:\/\/arcoconsultoria.polijuniorengenharia.com.br\/index.php\/wp-json\/wp\/v2\/users\/1"}],"replies":[{"embeddable":true,"href":"https:\/\/arcoconsultoria.polijuniorengenharia.com.br\/index.php\/wp-json\/wp\/v2\/comments?post=535"}],"version-history":[{"count":3,"href":"https:\/\/arcoconsultoria.polijuniorengenharia.com.br\/index.php\/wp-json\/wp\/v2\/pages\/535\/revisions"}],"predecessor-version":[{"id":1897,"href":"https:\/\/arcoconsultoria.polijuniorengenharia.com.br\/index.php\/wp-json\/wp\/v2\/pages\/535\/revisions\/1897"}],"wp:attachment":[{"href":"https:\/\/arcoconsultoria.polijuniorengenharia.com.br\/index.php\/wp-json\/wp\/v2\/media?parent=535"}],"curies":[{"name":"wp","href":"https:\/\/api.w.org\/{rel}","templated":true}]}}