{"id":1664,"date":"2023-06-07T21:59:24","date_gmt":"2023-06-08T00:59:24","guid":{"rendered":"https:\/\/arcoconsultoria.polijuniorengenharia.com.br\/?page_id=1664"},"modified":"2023-08-04T00:16:44","modified_gmt":"2023-08-04T03:16:44","slug":"case3","status":"publish","type":"page","link":"https:\/\/arcoconsultoria.polijuniorengenharia.com.br\/index.php\/case3\/","title":{"rendered":"Igreja S\u00e3o Miguel"},"content":{"rendered":"\t\t<div data-elementor-type=\"wp-page\" data-elementor-id=\"1664\" class=\"elementor elementor-1664\">\n\t\t\t\t\t\t\t\t\t<section class=\"elementor-section elementor-top-section elementor-element elementor-element-e3fa0a9 elementor-section-full_width elementor-section-height-min-height elementor-section-items-stretch elementor-section-content-bottom elementor-section-height-default\" data-id=\"e3fa0a9\" data-element_type=\"section\" data-settings=\"{&quot;background_background&quot;:&quot;classic&quot;}\">\n\t\t\t\t\t\t<div class=\"elementor-container elementor-column-gap-no\">\n\t\t\t\t\t<div class=\"elementor-column elementor-col-50 elementor-top-column elementor-element elementor-element-4b3e540\" data-id=\"4b3e540\" data-element_type=\"column\" data-settings=\"{&quot;background_background&quot;:&quot;classic&quot;}\">\n\t\t\t<div class=\"elementor-widget-wrap elementor-element-populated\">\n\t\t\t\t\t\t\t\t<div class=\"elementor-element elementor-element-1fe7a188 elementor-widget elementor-widget-heading\" data-id=\"1fe7a188\" data-element_type=\"widget\" data-widget_type=\"heading.default\">\n\t\t\t\t<div class=\"elementor-widget-container\">\n\t\t\t<style>\/*! elementor - v3.11.3 - 07-03-2023 *\/\n.elementor-heading-title{padding:0;margin:0;line-height:1}.elementor-widget-heading .elementor-heading-title[class*=elementor-size-]>a{color:inherit;font-size:inherit;line-height:inherit}.elementor-widget-heading .elementor-heading-title.elementor-size-small{font-size:15px}.elementor-widget-heading .elementor-heading-title.elementor-size-medium{font-size:19px}.elementor-widget-heading .elementor-heading-title.elementor-size-large{font-size:29px}.elementor-widget-heading .elementor-heading-title.elementor-size-xl{font-size:39px}.elementor-widget-heading .elementor-heading-title.elementor-size-xxl{font-size:59px}<\/style><h1 class=\"elementor-heading-title elementor-size-default\">IGREJA S\u00c3O MIGUEL<\/h1>\t\t<\/div>\n\t\t\t\t<\/div>\n\t\t\t\t<div class=\"elementor-element elementor-element-2a9cc88 elementor-widget elementor-widget-heading\" data-id=\"2a9cc88\" data-element_type=\"widget\" data-widget_type=\"heading.default\">\n\t\t\t\t<div class=\"elementor-widget-container\">\n\t\t\t<h6 class=\"elementor-heading-title elementor-size-default\">A Miss\u00e3o S\u00e3o Miguel foi desenvolvida visando ser o centro da comunidade, que \u00e9 composta por cerca de 300 fam\u00edlias. A grande inten\u00e7\u00e3o do projeto \u00e9 que a partir da Igreja, a comunidade como um todo se desenvolva aos poucos, tendo na Igreja, um ref\u00fagio sagrado.\n<\/h6>\t\t<\/div>\n\t\t\t\t<\/div>\n\t\t\t\t<div class=\"elementor-element elementor-element-1e761ee elementor-widget elementor-widget-heading\" data-id=\"1e761ee\" data-element_type=\"widget\" data-widget_type=\"heading.default\">\n\t\t\t\t<div class=\"elementor-widget-container\">\n\t\t\t<h6 class=\"elementor-heading-title elementor-size-default\">A concep\u00e7\u00e3o da Igreja e seu projeto tem o sagrado e a comunidade como foco. O processo construtivo foi desenvolvido de maneira did\u00e1tica e questionando a l\u00f3gica tradicional, onde a partir de simples t\u00e9cnicas e materiais locais, podem ser executados pelos moradores da comunidade.\n<\/h6>\t\t<\/div>\n\t\t\t\t<\/div>\n\t\t\t\t<div class=\"elementor-element elementor-element-779f1d1 elementor-widget elementor-widget-heading\" data-id=\"779f1d1\" data-element_type=\"widget\" data-widget_type=\"heading.default\">\n\t\t\t\t<div class=\"elementor-widget-container\">\n\t\t\t<h6 class=\"elementor-heading-title elementor-size-default\">Tal como no Oeste africano, muitas comunidades mundo afora possuem clima semelhante e sem abastecimento adequado de \u00e1gua pot\u00e1vel. Nessas comunidades, a \u00e1gua \u00e9 barrenta, a terra \u00e9 seca e a vida \u00e9 majoritariamente rural.\n<\/h6>\t\t<\/div>\n\t\t\t\t<\/div>\n\t\t\t\t<div class=\"elementor-element elementor-element-5b26db0 elementor-widget elementor-widget-heading\" data-id=\"5b26db0\" data-element_type=\"widget\" data-widget_type=\"heading.default\">\n\t\t\t\t<div class=\"elementor-widget-container\">\n\t\t\t<h6 class=\"elementor-heading-title elementor-size-default\">A Miss\u00e3o S\u00e3o Miguel, pretende se expandir al\u00e9m da Igreja e ter espa\u00e7os para a expans\u00e3o dessa comunidade. Pretende servir como prot\u00f3tipo, facilitando sua replicabilidade para \u00e1reas semelhantes.\n<\/h6>\t\t<\/div>\n\t\t\t\t<\/div>\n\t\t\t\t\t<\/div>\n\t\t<\/div>\n\t\t\t\t<div class=\"elementor-column elementor-col-50 elementor-top-column elementor-element elementor-element-7b25ae1b elementor-hidden-mobile\" data-id=\"7b25ae1b\" data-element_type=\"column\">\n\t\t\t<div class=\"elementor-widget-wrap elementor-element-populated\">\n\t\t\t\t\t\t\t\t<div class=\"elementor-element elementor-element-5997fb97 elementor-hidden-tablet elementor-hidden-mobile elementor-widget elementor-widget-image\" data-id=\"5997fb97\" data-element_type=\"widget\" data-widget_type=\"image.default\">\n\t\t\t\t<div class=\"elementor-widget-container\">\n\t\t\t<style>\/*! elementor - v3.11.3 - 07-03-2023 *\/\n.elementor-widget-image{text-align:center}.elementor-widget-image a{display:inline-block}.elementor-widget-image a img[src$=\".svg\"]{width:48px}.elementor-widget-image img{vertical-align:middle;display:inline-block}<\/style>\t\t\t\t\t\t\t\t\t\t\t\t<img decoding=\"async\" width=\"800\" height=\"825\" src=\"https:\/\/arcoconsultoria.polijuniorengenharia.com.br\/wp-content\/uploads\/2023\/03\/arcoPrancheta-16-993x1024.png\" class=\"attachment-large size-large wp-image-305\" alt=\"\" srcset=\"https:\/\/arcoconsultoria.polijuniorengenharia.com.br\/wp-content\/uploads\/2023\/03\/arcoPrancheta-16-993x1024.png 993w, https:\/\/arcoconsultoria.polijuniorengenharia.com.br\/wp-content\/uploads\/2023\/03\/arcoPrancheta-16-291x300.png 291w, https:\/\/arcoconsultoria.polijuniorengenharia.com.br\/wp-content\/uploads\/2023\/03\/arcoPrancheta-16-768x792.png 768w, https:\/\/arcoconsultoria.polijuniorengenharia.com.br\/wp-content\/uploads\/2023\/03\/arcoPrancheta-16-1489x1536.png 1489w, https:\/\/arcoconsultoria.polijuniorengenharia.com.br\/wp-content\/uploads\/2023\/03\/arcoPrancheta-16-1986x2048.png 1986w\" sizes=\"(max-width: 800px) 100vw, 800px\" \/>\t\t\t\t\t\t\t\t\t\t\t\t\t\t\t<\/div>\n\t\t\t\t<\/div>\n\t\t\t\t\t<\/div>\n\t\t<\/div>\n\t\t\t\t\t\t\t<\/div>\n\t\t<\/section>\n\t\t\t\t<section class=\"elementor-section elementor-top-section elementor-element elementor-element-6c207951 elementor-section-full_width elementor-section-content-bottom elementor-section-height-default elementor-section-height-default\" data-id=\"6c207951\" data-element_type=\"section\" data-settings=\"{&quot;background_background&quot;:&quot;classic&quot;}\">\n\t\t\t\t\t\t<div class=\"elementor-container elementor-column-gap-default\">\n\t\t\t\t\t<div class=\"elementor-column elementor-col-100 elementor-top-column elementor-element elementor-element-3a81d6d6\" data-id=\"3a81d6d6\" data-element_type=\"column\">\n\t\t\t<div class=\"elementor-widget-wrap elementor-element-populated\">\n\t\t\t\t\t\t\t\t<div class=\"elementor-element elementor-element-1fe530f3 elementor-arrows-position-inside elementor-widget elementor-widget-image-carousel\" data-id=\"1fe530f3\" data-element_type=\"widget\" data-settings=\"{&quot;slides_to_show&quot;:&quot;3&quot;,&quot;navigation&quot;:&quot;arrows&quot;,&quot;slides_to_show_tablet&quot;:&quot;1&quot;,&quot;slides_to_show_mobile&quot;:&quot;1&quot;,&quot;autoplay&quot;:&quot;yes&quot;,&quot;pause_on_hover&quot;:&quot;yes&quot;,&quot;pause_on_interaction&quot;:&quot;yes&quot;,&quot;autoplay_speed&quot;:5000,&quot;infinite&quot;:&quot;yes&quot;,&quot;speed&quot;:500,&quot;image_spacing_custom&quot;:{&quot;unit&quot;:&quot;px&quot;,&quot;size&quot;:20,&quot;sizes&quot;:[]}}\" data-widget_type=\"image-carousel.default\">\n\t\t\t\t<div class=\"elementor-widget-container\">\n\t\t\t<style>\/*! elementor - v3.11.3 - 07-03-2023 *\/\n.elementor-widget-image-carousel .swiper,.elementor-widget-image-carousel .swiper-container{position:static}.elementor-widget-image-carousel .swiper-container .swiper-slide figure,.elementor-widget-image-carousel .swiper .swiper-slide figure{line-height:inherit}.elementor-widget-image-carousel .swiper-slide{text-align:center}.elementor-image-carousel-wrapper:not(.swiper-container-initialized) .swiper-slide,.elementor-image-carousel-wrapper:not(.swiper-initialized) .swiper-slide{max-width:calc(100% \/ var(--e-image-carousel-slides-to-show, 3))}<\/style>\t\t<div class=\"elementor-image-carousel-wrapper swiper\" dir=\"ltr\">\n\t\t\t<div class=\"elementor-image-carousel swiper-wrapper\">\n\t\t\t\t\t\t\t\t<div class=\"swiper-slide\"><figure class=\"swiper-slide-inner\"><img decoding=\"async\" class=\"swiper-slide-image\" src=\"https:\/\/arcoconsultoria.polijuniorengenharia.com.br\/wp-content\/uploads\/2023\/06\/Copia-de-Renderpos1-768x432.png\" alt=\"C\u00f3pia de Renderpos1\" \/><\/figure><\/div><div class=\"swiper-slide\"><figure class=\"swiper-slide-inner\"><img decoding=\"async\" class=\"swiper-slide-image\" src=\"https:\/\/arcoconsultoria.polijuniorengenharia.com.br\/wp-content\/uploads\/2023\/06\/Copia-de-Renderpos4-768x432.png\" alt=\"C\u00f3pia de Renderpos4\" \/><\/figure><\/div><div class=\"swiper-slide\"><figure class=\"swiper-slide-inner\"><img decoding=\"async\" class=\"swiper-slide-image\" src=\"https:\/\/arcoconsultoria.polijuniorengenharia.com.br\/wp-content\/uploads\/2023\/06\/Copia-de-Renderpos3-768x432.png\" alt=\"C\u00f3pia de Renderpos3\" \/><\/figure><\/div><div class=\"swiper-slide\"><figure class=\"swiper-slide-inner\"><img decoding=\"async\" class=\"swiper-slide-image\" src=\"https:\/\/arcoconsultoria.polijuniorengenharia.com.br\/wp-content\/uploads\/2023\/06\/Copia-de-Renderpos2-768x432.png\" alt=\"C\u00f3pia de Renderpos2\" \/><\/figure><\/div>\t\t\t<\/div>\n\t\t\t\t\t\t\t\t\t\t\t\t\t\t\t\t<div class=\"elementor-swiper-button elementor-swiper-button-prev\">\n\t\t\t\t\t\t<i aria-hidden=\"true\" class=\"eicon-chevron-left\"><\/i>\t\t\t\t\t\t<span class=\"elementor-screen-only\">Anterior<\/span>\n\t\t\t\t\t<\/div>\n\t\t\t\t\t<div class=\"elementor-swiper-button elementor-swiper-button-next\">\n\t\t\t\t\t\t<i aria-hidden=\"true\" class=\"eicon-chevron-right\"><\/i>\t\t\t\t\t\t<span class=\"elementor-screen-only\">Pr\u00f3ximo<\/span>\n\t\t\t\t\t<\/div>\n\t\t\t\t\t\t\t\t\t<\/div>\n\t\t\t\t<\/div>\n\t\t\t\t<\/div>\n\t\t\t\t\t<\/div>\n\t\t<\/div>\n\t\t\t\t\t\t\t<\/div>\n\t\t<\/section>\n\t\t\t\t<section class=\"elementor-section elementor-top-section elementor-element elementor-element-ecc6457 elementor-section-boxed elementor-section-height-default elementor-section-height-default\" data-id=\"ecc6457\" data-element_type=\"section\">\n\t\t\t\t\t\t<div class=\"elementor-container elementor-column-gap-default\">\n\t\t\t\t\t<div class=\"elementor-column elementor-col-100 elementor-top-column elementor-element elementor-element-4af8edf2\" data-id=\"4af8edf2\" data-element_type=\"column\">\n\t\t\t<div class=\"elementor-widget-wrap elementor-element-populated\">\n\t\t\t\t\t\t\t\t<div class=\"elementor-element elementor-element-149eee6c elementor-widget elementor-widget-image\" data-id=\"149eee6c\" data-element_type=\"widget\" data-widget_type=\"image.default\">\n\t\t\t\t<div class=\"elementor-widget-container\">\n\t\t\t\t\t\t\t\t\t\t\t\t\t\t\t<img decoding=\"async\" width=\"800\" height=\"825\" src=\"https:\/\/arcoconsultoria.polijuniorengenharia.com.br\/wp-content\/uploads\/2023\/03\/arcoPrancheta-16-993x1024.png\" class=\"attachment-large size-large wp-image-305\" alt=\"\" srcset=\"https:\/\/arcoconsultoria.polijuniorengenharia.com.br\/wp-content\/uploads\/2023\/03\/arcoPrancheta-16-993x1024.png 993w, https:\/\/arcoconsultoria.polijuniorengenharia.com.br\/wp-content\/uploads\/2023\/03\/arcoPrancheta-16-291x300.png 291w, https:\/\/arcoconsultoria.polijuniorengenharia.com.br\/wp-content\/uploads\/2023\/03\/arcoPrancheta-16-768x792.png 768w, https:\/\/arcoconsultoria.polijuniorengenharia.com.br\/wp-content\/uploads\/2023\/03\/arcoPrancheta-16-1489x1536.png 1489w, https:\/\/arcoconsultoria.polijuniorengenharia.com.br\/wp-content\/uploads\/2023\/03\/arcoPrancheta-16-1986x2048.png 1986w\" sizes=\"(max-width: 800px) 100vw, 800px\" \/>\t\t\t\t\t\t\t\t\t\t\t\t\t\t\t<\/div>\n\t\t\t\t<\/div>\n\t\t\t\t\t<\/div>\n\t\t<\/div>\n\t\t\t\t\t\t\t<\/div>\n\t\t<\/section>\n\t\t\t\t\t\t\t<\/div>\n\t\t","protected":false},"excerpt":{"rendered":"<p>IGREJA S\u00c3O MIGUEL A Miss\u00e3o S\u00e3o Miguel foi desenvolvida visando ser o centro da comunidade, que \u00e9 composta por cerca de 300 fam\u00edlias. A grande inten\u00e7\u00e3o do projeto \u00e9 que a partir da Igreja, a comunidade como um todo se desenvolva aos poucos, tendo na Igreja, um ref\u00fagio sagrado. A concep\u00e7\u00e3o da Igreja e seu [&hellip;]<\/p>\n","protected":false},"author":1,"featured_media":0,"parent":0,"menu_order":0,"comment_status":"closed","ping_status":"closed","template":"","meta":{"footnotes":""},"_links":{"self":[{"href":"https:\/\/arcoconsultoria.polijuniorengenharia.com.br\/index.php\/wp-json\/wp\/v2\/pages\/1664"}],"collection":[{"href":"https:\/\/arcoconsultoria.polijuniorengenharia.com.br\/index.php\/wp-json\/wp\/v2\/pages"}],"about":[{"href":"https:\/\/arcoconsultoria.polijuniorengenharia.com.br\/index.php\/wp-json\/wp\/v2\/types\/page"}],"author":[{"embeddable":true,"href":"https:\/\/arcoconsultoria.polijuniorengenharia.com.br\/index.php\/wp-json\/wp\/v2\/users\/1"}],"replies":[{"embeddable":true,"href":"https:\/\/arcoconsultoria.polijuniorengenharia.com.br\/index.php\/wp-json\/wp\/v2\/comments?post=1664"}],"version-history":[{"count":3,"href":"https:\/\/arcoconsultoria.polijuniorengenharia.com.br\/index.php\/wp-json\/wp\/v2\/pages\/1664\/revisions"}],"predecessor-version":[{"id":1930,"href":"https:\/\/arcoconsultoria.polijuniorengenharia.com.br\/index.php\/wp-json\/wp\/v2\/pages\/1664\/revisions\/1930"}],"wp:attachment":[{"href":"https:\/\/arcoconsultoria.polijuniorengenharia.com.br\/index.php\/wp-json\/wp\/v2\/media?parent=1664"}],"curies":[{"name":"wp","href":"https:\/\/api.w.org\/{rel}","templated":true}]}}