{"id":1659,"date":"2023-06-07T21:56:19","date_gmt":"2023-06-08T00:56:19","guid":{"rendered":"https:\/\/arcoconsultoria.polijuniorengenharia.com.br\/?page_id=1659"},"modified":"2023-08-04T00:00:39","modified_gmt":"2023-08-04T03:00:39","slug":"case2","status":"publish","type":"page","link":"https:\/\/arcoconsultoria.polijuniorengenharia.com.br\/index.php\/case2\/","title":{"rendered":"CEERMA"},"content":{"rendered":"\t\t<div data-elementor-type=\"wp-page\" data-elementor-id=\"1659\" class=\"elementor elementor-1659\">\n\t\t\t\t\t\t\t\t\t<section class=\"elementor-section elementor-top-section elementor-element elementor-element-6326d4ca elementor-section-full_width elementor-section-height-min-height elementor-section-items-stretch elementor-section-content-bottom elementor-section-height-default\" data-id=\"6326d4ca\" data-element_type=\"section\" data-settings=\"{&quot;background_background&quot;:&quot;classic&quot;}\">\n\t\t\t\t\t\t<div class=\"elementor-container elementor-column-gap-no\">\n\t\t\t\t\t<div class=\"elementor-column elementor-col-50 elementor-top-column elementor-element elementor-element-752ded6d\" data-id=\"752ded6d\" data-element_type=\"column\" data-settings=\"{&quot;background_background&quot;:&quot;classic&quot;}\">\n\t\t\t<div class=\"elementor-widget-wrap elementor-element-populated\">\n\t\t\t\t\t\t\t\t<div class=\"elementor-element elementor-element-d872b1a elementor-widget elementor-widget-heading\" data-id=\"d872b1a\" data-element_type=\"widget\" data-widget_type=\"heading.default\">\n\t\t\t\t<div class=\"elementor-widget-container\">\n\t\t\t<style>\/*! elementor - v3.11.3 - 07-03-2023 *\/\n.elementor-heading-title{padding:0;margin:0;line-height:1}.elementor-widget-heading .elementor-heading-title[class*=elementor-size-]>a{color:inherit;font-size:inherit;line-height:inherit}.elementor-widget-heading .elementor-heading-title.elementor-size-small{font-size:15px}.elementor-widget-heading .elementor-heading-title.elementor-size-medium{font-size:19px}.elementor-widget-heading .elementor-heading-title.elementor-size-large{font-size:29px}.elementor-widget-heading .elementor-heading-title.elementor-size-xl{font-size:39px}.elementor-widget-heading .elementor-heading-title.elementor-size-xxl{font-size:59px}<\/style><h1 class=\"elementor-heading-title elementor-size-default\">CEERMA<\/h1>\t\t<\/div>\n\t\t\t\t<\/div>\n\t\t\t\t<div class=\"elementor-element elementor-element-3086fa24 elementor-widget elementor-widget-heading\" data-id=\"3086fa24\" data-element_type=\"widget\" data-widget_type=\"heading.default\">\n\t\t\t\t<div class=\"elementor-widget-container\">\n\t\t\t<h6 class=\"elementor-heading-title elementor-size-default\">A demanda do projeto consiste em ter uma sala que possa se moldar de acordo com as necessidades de seus usu\u00e1rios. Desta forma, prezou-se pela cria\u00e7\u00e3o de um espa\u00e7o com m\u00f3veis modulares que podem ser dispostos de variadas formas, garantindo assim uma sala din\u00e2mica, flex\u00edvel e multifuncional. Para o projeto foram utilizados tons de azul, cinza e madeira trazendo uma identidade visual ao ambiente, a fim de trazer um visual despojado ao passo que se mant\u00e9m confort\u00e1vel e sofisticado.\n<\/h6>\t\t<\/div>\n\t\t\t\t<\/div>\n\t\t\t\t\t<\/div>\n\t\t<\/div>\n\t\t\t\t<div class=\"elementor-column elementor-col-50 elementor-top-column elementor-element elementor-element-6078b09b elementor-hidden-mobile elementor-hidden-tablet\" data-id=\"6078b09b\" data-element_type=\"column\">\n\t\t\t<div class=\"elementor-widget-wrap elementor-element-populated\">\n\t\t\t\t\t\t\t\t<div class=\"elementor-element elementor-element-53b2cdd5 elementor-widget elementor-widget-image\" data-id=\"53b2cdd5\" data-element_type=\"widget\" data-widget_type=\"image.default\">\n\t\t\t\t<div class=\"elementor-widget-container\">\n\t\t\t<style>\/*! elementor - v3.11.3 - 07-03-2023 *\/\n.elementor-widget-image{text-align:center}.elementor-widget-image a{display:inline-block}.elementor-widget-image a img[src$=\".svg\"]{width:48px}.elementor-widget-image img{vertical-align:middle;display:inline-block}<\/style>\t\t\t\t\t\t\t\t\t\t\t\t<img decoding=\"async\" width=\"800\" height=\"825\" src=\"https:\/\/arcoconsultoria.polijuniorengenharia.com.br\/wp-content\/uploads\/2023\/03\/arcoPrancheta-16-993x1024.png\" class=\"attachment-large size-large wp-image-305\" alt=\"\" srcset=\"https:\/\/arcoconsultoria.polijuniorengenharia.com.br\/wp-content\/uploads\/2023\/03\/arcoPrancheta-16-993x1024.png 993w, https:\/\/arcoconsultoria.polijuniorengenharia.com.br\/wp-content\/uploads\/2023\/03\/arcoPrancheta-16-291x300.png 291w, https:\/\/arcoconsultoria.polijuniorengenharia.com.br\/wp-content\/uploads\/2023\/03\/arcoPrancheta-16-768x792.png 768w, https:\/\/arcoconsultoria.polijuniorengenharia.com.br\/wp-content\/uploads\/2023\/03\/arcoPrancheta-16-1489x1536.png 1489w, https:\/\/arcoconsultoria.polijuniorengenharia.com.br\/wp-content\/uploads\/2023\/03\/arcoPrancheta-16-1986x2048.png 1986w\" sizes=\"(max-width: 800px) 100vw, 800px\" \/>\t\t\t\t\t\t\t\t\t\t\t\t\t\t\t<\/div>\n\t\t\t\t<\/div>\n\t\t\t\t\t<\/div>\n\t\t<\/div>\n\t\t\t\t\t\t\t<\/div>\n\t\t<\/section>\n\t\t\t\t<section class=\"elementor-section elementor-top-section elementor-element elementor-element-4014142e elementor-section-full_width elementor-section-content-bottom elementor-section-height-default elementor-section-height-default\" data-id=\"4014142e\" data-element_type=\"section\" data-settings=\"{&quot;background_background&quot;:&quot;classic&quot;}\">\n\t\t\t\t\t\t<div class=\"elementor-container elementor-column-gap-default\">\n\t\t\t\t\t<div class=\"elementor-column elementor-col-100 elementor-top-column elementor-element elementor-element-3c5f9ef8\" data-id=\"3c5f9ef8\" data-element_type=\"column\">\n\t\t\t<div class=\"elementor-widget-wrap elementor-element-populated\">\n\t\t\t\t\t\t\t\t<div class=\"elementor-element elementor-element-33c9f6c elementor-arrows-position-inside elementor-widget elementor-widget-image-carousel\" data-id=\"33c9f6c\" data-element_type=\"widget\" data-settings=\"{&quot;slides_to_show&quot;:&quot;3&quot;,&quot;navigation&quot;:&quot;arrows&quot;,&quot;slides_to_show_tablet&quot;:&quot;1&quot;,&quot;slides_to_show_mobile&quot;:&quot;1&quot;,&quot;autoplay&quot;:&quot;yes&quot;,&quot;pause_on_hover&quot;:&quot;yes&quot;,&quot;pause_on_interaction&quot;:&quot;yes&quot;,&quot;autoplay_speed&quot;:5000,&quot;infinite&quot;:&quot;yes&quot;,&quot;speed&quot;:500,&quot;image_spacing_custom&quot;:{&quot;unit&quot;:&quot;px&quot;,&quot;size&quot;:20,&quot;sizes&quot;:[]}}\" data-widget_type=\"image-carousel.default\">\n\t\t\t\t<div class=\"elementor-widget-container\">\n\t\t\t<style>\/*! elementor - v3.11.3 - 07-03-2023 *\/\n.elementor-widget-image-carousel .swiper,.elementor-widget-image-carousel .swiper-container{position:static}.elementor-widget-image-carousel .swiper-container .swiper-slide figure,.elementor-widget-image-carousel .swiper .swiper-slide figure{line-height:inherit}.elementor-widget-image-carousel .swiper-slide{text-align:center}.elementor-image-carousel-wrapper:not(.swiper-container-initialized) .swiper-slide,.elementor-image-carousel-wrapper:not(.swiper-initialized) .swiper-slide{max-width:calc(100% \/ var(--e-image-carousel-slides-to-show, 3))}<\/style>\t\t<div class=\"elementor-image-carousel-wrapper swiper\" dir=\"ltr\">\n\t\t\t<div class=\"elementor-image-carousel swiper-wrapper\">\n\t\t\t\t\t\t\t\t<div class=\"swiper-slide\"><figure class=\"swiper-slide-inner\"><img decoding=\"async\" class=\"swiper-slide-image\" src=\"https:\/\/arcoconsultoria.polijuniorengenharia.com.br\/wp-content\/uploads\/2023\/06\/Copia-de-RETO-FECHADO_3-Foto-768x432.jpg\" alt=\"C\u00f3pia de RETO FECHADO_3 - Foto\" \/><\/figure><\/div><div class=\"swiper-slide\"><figure class=\"swiper-slide-inner\"><img decoding=\"async\" class=\"swiper-slide-image\" src=\"https:\/\/arcoconsultoria.polijuniorengenharia.com.br\/wp-content\/uploads\/2023\/06\/Copia-de-RETO-ABERTO_1-Photo-768x432.jpg\" alt=\"C\u00f3pia de RETO ABERTO_1 - Photo\" \/><\/figure><\/div><div class=\"swiper-slide\"><figure class=\"swiper-slide-inner\"><img decoding=\"async\" class=\"swiper-slide-image\" src=\"https:\/\/arcoconsultoria.polijuniorengenharia.com.br\/wp-content\/uploads\/2023\/06\/Copia-de-DINAMICO_3-Foto-768x432.jpg\" alt=\"C\u00f3pia de DIN\u00c2MICO_3 - Foto\" \/><\/figure><\/div><div class=\"swiper-slide\"><figure class=\"swiper-slide-inner\"><img decoding=\"async\" class=\"swiper-slide-image\" src=\"https:\/\/arcoconsultoria.polijuniorengenharia.com.br\/wp-content\/uploads\/2023\/06\/Copia-de-DINAMICO_2-Foto-768x432.jpg\" alt=\"C\u00f3pia de DIN\u00c2MICO_2 - Foto\" \/><\/figure><\/div><div class=\"swiper-slide\"><figure class=\"swiper-slide-inner\"><img decoding=\"async\" class=\"swiper-slide-image\" src=\"https:\/\/arcoconsultoria.polijuniorengenharia.com.br\/wp-content\/uploads\/2023\/06\/Copia-de-DINAMICO_1-Photo-768x432.jpg\" alt=\"C\u00f3pia de DIN\u00c2MICO_1 - Photo\" \/><\/figure><\/div>\t\t\t<\/div>\n\t\t\t\t\t\t\t\t\t\t\t\t\t\t\t\t<div class=\"elementor-swiper-button elementor-swiper-button-prev\">\n\t\t\t\t\t\t<i aria-hidden=\"true\" class=\"eicon-chevron-left\"><\/i>\t\t\t\t\t\t<span class=\"elementor-screen-only\">Anterior<\/span>\n\t\t\t\t\t<\/div>\n\t\t\t\t\t<div class=\"elementor-swiper-button elementor-swiper-button-next\">\n\t\t\t\t\t\t<i aria-hidden=\"true\" class=\"eicon-chevron-right\"><\/i>\t\t\t\t\t\t<span class=\"elementor-screen-only\">Pr\u00f3ximo<\/span>\n\t\t\t\t\t<\/div>\n\t\t\t\t\t\t\t\t\t<\/div>\n\t\t\t\t<\/div>\n\t\t\t\t<\/div>\n\t\t\t\t\t<\/div>\n\t\t<\/div>\n\t\t\t\t\t\t\t<\/div>\n\t\t<\/section>\n\t\t\t\t<section class=\"elementor-section elementor-top-section elementor-element elementor-element-30fcdb1b elementor-section-boxed elementor-section-height-default elementor-section-height-default\" data-id=\"30fcdb1b\" data-element_type=\"section\">\n\t\t\t\t\t\t<div class=\"elementor-container elementor-column-gap-default\">\n\t\t\t\t\t<div class=\"elementor-column elementor-col-100 elementor-top-column elementor-element elementor-element-438dbc93\" data-id=\"438dbc93\" data-element_type=\"column\">\n\t\t\t<div class=\"elementor-widget-wrap elementor-element-populated\">\n\t\t\t\t\t\t\t\t<div class=\"elementor-element elementor-element-3245d16 elementor-widget elementor-widget-image\" data-id=\"3245d16\" data-element_type=\"widget\" data-widget_type=\"image.default\">\n\t\t\t\t<div class=\"elementor-widget-container\">\n\t\t\t\t\t\t\t\t\t\t\t\t\t\t\t<img decoding=\"async\" width=\"800\" height=\"825\" src=\"https:\/\/arcoconsultoria.polijuniorengenharia.com.br\/wp-content\/uploads\/2023\/03\/arcoPrancheta-16-993x1024.png\" class=\"attachment-large size-large wp-image-305\" alt=\"\" srcset=\"https:\/\/arcoconsultoria.polijuniorengenharia.com.br\/wp-content\/uploads\/2023\/03\/arcoPrancheta-16-993x1024.png 993w, https:\/\/arcoconsultoria.polijuniorengenharia.com.br\/wp-content\/uploads\/2023\/03\/arcoPrancheta-16-291x300.png 291w, https:\/\/arcoconsultoria.polijuniorengenharia.com.br\/wp-content\/uploads\/2023\/03\/arcoPrancheta-16-768x792.png 768w, https:\/\/arcoconsultoria.polijuniorengenharia.com.br\/wp-content\/uploads\/2023\/03\/arcoPrancheta-16-1489x1536.png 1489w, https:\/\/arcoconsultoria.polijuniorengenharia.com.br\/wp-content\/uploads\/2023\/03\/arcoPrancheta-16-1986x2048.png 1986w\" sizes=\"(max-width: 800px) 100vw, 800px\" \/>\t\t\t\t\t\t\t\t\t\t\t\t\t\t\t<\/div>\n\t\t\t\t<\/div>\n\t\t\t\t\t<\/div>\n\t\t<\/div>\n\t\t\t\t\t\t\t<\/div>\n\t\t<\/section>\n\t\t\t\t\t\t\t<\/div>\n\t\t","protected":false},"excerpt":{"rendered":"<p>CEERMA A demanda do projeto consiste em ter uma sala que possa se moldar de acordo com as necessidades de seus usu\u00e1rios. Desta forma, prezou-se pela cria\u00e7\u00e3o de um espa\u00e7o com m\u00f3veis modulares que podem ser dispostos de variadas formas, garantindo assim uma sala din\u00e2mica, flex\u00edvel e multifuncional. Para o projeto foram utilizados tons de [&hellip;]<\/p>\n","protected":false},"author":1,"featured_media":0,"parent":0,"menu_order":0,"comment_status":"closed","ping_status":"closed","template":"","meta":{"footnotes":""},"_links":{"self":[{"href":"https:\/\/arcoconsultoria.polijuniorengenharia.com.br\/index.php\/wp-json\/wp\/v2\/pages\/1659"}],"collection":[{"href":"https:\/\/arcoconsultoria.polijuniorengenharia.com.br\/index.php\/wp-json\/wp\/v2\/pages"}],"about":[{"href":"https:\/\/arcoconsultoria.polijuniorengenharia.com.br\/index.php\/wp-json\/wp\/v2\/types\/page"}],"author":[{"embeddable":true,"href":"https:\/\/arcoconsultoria.polijuniorengenharia.com.br\/index.php\/wp-json\/wp\/v2\/users\/1"}],"replies":[{"embeddable":true,"href":"https:\/\/arcoconsultoria.polijuniorengenharia.com.br\/index.php\/wp-json\/wp\/v2\/comments?post=1659"}],"version-history":[{"count":3,"href":"https:\/\/arcoconsultoria.polijuniorengenharia.com.br\/index.php\/wp-json\/wp\/v2\/pages\/1659\/revisions"}],"predecessor-version":[{"id":1912,"href":"https:\/\/arcoconsultoria.polijuniorengenharia.com.br\/index.php\/wp-json\/wp\/v2\/pages\/1659\/revisions\/1912"}],"wp:attachment":[{"href":"https:\/\/arcoconsultoria.polijuniorengenharia.com.br\/index.php\/wp-json\/wp\/v2\/media?parent=1659"}],"curies":[{"name":"wp","href":"https:\/\/api.w.org\/{rel}","templated":true}]}}