{"id":1248,"date":"2023-04-24T20:53:48","date_gmt":"2023-04-24T23:53:48","guid":{"rendered":"https:\/\/arcoconsultoria.polijuniorengenharia.com.br\/?page_id=1248"},"modified":"2023-08-04T00:10:10","modified_gmt":"2023-08-04T03:10:10","slug":"escritorio-moraes-e-borba","status":"publish","type":"page","link":"https:\/\/arcoconsultoria.polijuniorengenharia.com.br\/index.php\/escritorio-moraes-e-borba\/","title":{"rendered":"Escritorio Moraes e Borba"},"content":{"rendered":"\t\t<div data-elementor-type=\"wp-page\" data-elementor-id=\"1248\" class=\"elementor elementor-1248\">\n\t\t\t\t\t\t\t\t\t<section class=\"elementor-section elementor-top-section elementor-element elementor-element-7fece113 elementor-section-full_width elementor-section-height-min-height elementor-section-items-stretch elementor-section-content-bottom elementor-section-height-default\" data-id=\"7fece113\" data-element_type=\"section\" data-settings=\"{&quot;background_background&quot;:&quot;classic&quot;}\">\n\t\t\t\t\t\t<div class=\"elementor-container elementor-column-gap-no\">\n\t\t\t\t\t<div class=\"elementor-column elementor-col-50 elementor-top-column elementor-element elementor-element-185b5938\" data-id=\"185b5938\" data-element_type=\"column\" data-settings=\"{&quot;background_background&quot;:&quot;classic&quot;}\">\n\t\t\t<div class=\"elementor-widget-wrap elementor-element-populated\">\n\t\t\t\t\t\t\t\t<div class=\"elementor-element elementor-element-4d3259da elementor-widget elementor-widget-heading\" data-id=\"4d3259da\" data-element_type=\"widget\" data-widget_type=\"heading.default\">\n\t\t\t\t<div class=\"elementor-widget-container\">\n\t\t\t<style>\/*! elementor - v3.11.3 - 07-03-2023 *\/\n.elementor-heading-title{padding:0;margin:0;line-height:1}.elementor-widget-heading .elementor-heading-title[class*=elementor-size-]>a{color:inherit;font-size:inherit;line-height:inherit}.elementor-widget-heading .elementor-heading-title.elementor-size-small{font-size:15px}.elementor-widget-heading .elementor-heading-title.elementor-size-medium{font-size:19px}.elementor-widget-heading .elementor-heading-title.elementor-size-large{font-size:29px}.elementor-widget-heading .elementor-heading-title.elementor-size-xl{font-size:39px}.elementor-widget-heading .elementor-heading-title.elementor-size-xxl{font-size:59px}<\/style><h1 class=\"elementor-heading-title elementor-size-default\">ESCRIT\u00d3RIO MORAES E BORBA\n<\/h1>\t\t<\/div>\n\t\t\t\t<\/div>\n\t\t\t\t<div class=\"elementor-element elementor-element-3bed56a6 elementor-widget elementor-widget-heading\" data-id=\"3bed56a6\" data-element_type=\"widget\" data-widget_type=\"heading.default\">\n\t\t\t\t<div class=\"elementor-widget-container\">\n\t\t\t<h6 class=\"elementor-heading-title elementor-size-default\">O espa\u00e7o apresentava um desafio de incluir diversos ambientes, sendo eles a recep\u00e7\u00e3o, o local de trabalho, a sala de reuni\u00f5es, um banheiro e a copa, al\u00e9m de atender os desejos dos clientes de prezar pelo conforto e praticidade no escrit\u00f3rio. Ent\u00e3o, o objetivo era criar um ambiente aconchegante e sofisticado, mas tamb\u00e9m muito funcional para o armazenamento. Ao fim optou-se por um ambiente moderno, com uso do espelho e do vidro, al\u00e9m de uma ilumina\u00e7\u00e3o que transmitisse a sensa\u00e7\u00e3o de acolhimento, para que todos os clientes se sintam bem recebidos desde a entrada.\n<\/h6>\t\t<\/div>\n\t\t\t\t<\/div>\n\t\t\t\t\t<\/div>\n\t\t<\/div>\n\t\t\t\t<div class=\"elementor-column elementor-col-50 elementor-top-column elementor-element elementor-element-1b90ed86 elementor-hidden-mobile\" data-id=\"1b90ed86\" data-element_type=\"column\">\n\t\t\t<div class=\"elementor-widget-wrap elementor-element-populated\">\n\t\t\t\t\t\t\t\t<div class=\"elementor-element elementor-element-24afe068 elementor-hidden-tablet elementor-hidden-mobile elementor-widget elementor-widget-image\" data-id=\"24afe068\" data-element_type=\"widget\" data-widget_type=\"image.default\">\n\t\t\t\t<div class=\"elementor-widget-container\">\n\t\t\t<style>\/*! elementor - v3.11.3 - 07-03-2023 *\/\n.elementor-widget-image{text-align:center}.elementor-widget-image a{display:inline-block}.elementor-widget-image a img[src$=\".svg\"]{width:48px}.elementor-widget-image img{vertical-align:middle;display:inline-block}<\/style>\t\t\t\t\t\t\t\t\t\t\t\t<img decoding=\"async\" width=\"800\" height=\"825\" src=\"https:\/\/arcoconsultoria.polijuniorengenharia.com.br\/wp-content\/uploads\/2023\/03\/arcoPrancheta-16-993x1024.png\" class=\"attachment-large size-large wp-image-305\" alt=\"\" srcset=\"https:\/\/arcoconsultoria.polijuniorengenharia.com.br\/wp-content\/uploads\/2023\/03\/arcoPrancheta-16-993x1024.png 993w, https:\/\/arcoconsultoria.polijuniorengenharia.com.br\/wp-content\/uploads\/2023\/03\/arcoPrancheta-16-291x300.png 291w, https:\/\/arcoconsultoria.polijuniorengenharia.com.br\/wp-content\/uploads\/2023\/03\/arcoPrancheta-16-768x792.png 768w, https:\/\/arcoconsultoria.polijuniorengenharia.com.br\/wp-content\/uploads\/2023\/03\/arcoPrancheta-16-1489x1536.png 1489w, https:\/\/arcoconsultoria.polijuniorengenharia.com.br\/wp-content\/uploads\/2023\/03\/arcoPrancheta-16-1986x2048.png 1986w\" sizes=\"(max-width: 800px) 100vw, 800px\" \/>\t\t\t\t\t\t\t\t\t\t\t\t\t\t\t<\/div>\n\t\t\t\t<\/div>\n\t\t\t\t\t<\/div>\n\t\t<\/div>\n\t\t\t\t\t\t\t<\/div>\n\t\t<\/section>\n\t\t\t\t<section class=\"elementor-section elementor-top-section elementor-element elementor-element-31e02539 elementor-section-full_width elementor-section-content-bottom elementor-section-height-default elementor-section-height-default\" data-id=\"31e02539\" data-element_type=\"section\" data-settings=\"{&quot;background_background&quot;:&quot;classic&quot;}\">\n\t\t\t\t\t\t<div class=\"elementor-container elementor-column-gap-default\">\n\t\t\t\t\t<div class=\"elementor-column elementor-col-100 elementor-top-column elementor-element elementor-element-a9b0d89\" data-id=\"a9b0d89\" data-element_type=\"column\">\n\t\t\t<div class=\"elementor-widget-wrap elementor-element-populated\">\n\t\t\t\t\t\t\t\t<div class=\"elementor-element elementor-element-35e53d47 elementor-arrows-position-inside elementor-widget elementor-widget-image-carousel\" data-id=\"35e53d47\" data-element_type=\"widget\" data-settings=\"{&quot;slides_to_show&quot;:&quot;3&quot;,&quot;navigation&quot;:&quot;arrows&quot;,&quot;slides_to_show_tablet&quot;:&quot;1&quot;,&quot;slides_to_show_mobile&quot;:&quot;1&quot;,&quot;autoplay&quot;:&quot;yes&quot;,&quot;pause_on_hover&quot;:&quot;yes&quot;,&quot;pause_on_interaction&quot;:&quot;yes&quot;,&quot;autoplay_speed&quot;:5000,&quot;infinite&quot;:&quot;yes&quot;,&quot;speed&quot;:500,&quot;image_spacing_custom&quot;:{&quot;unit&quot;:&quot;px&quot;,&quot;size&quot;:20,&quot;sizes&quot;:[]}}\" data-widget_type=\"image-carousel.default\">\n\t\t\t\t<div class=\"elementor-widget-container\">\n\t\t\t<style>\/*! elementor - v3.11.3 - 07-03-2023 *\/\n.elementor-widget-image-carousel .swiper,.elementor-widget-image-carousel .swiper-container{position:static}.elementor-widget-image-carousel .swiper-container .swiper-slide figure,.elementor-widget-image-carousel .swiper .swiper-slide figure{line-height:inherit}.elementor-widget-image-carousel .swiper-slide{text-align:center}.elementor-image-carousel-wrapper:not(.swiper-container-initialized) .swiper-slide,.elementor-image-carousel-wrapper:not(.swiper-initialized) .swiper-slide{max-width:calc(100% \/ var(--e-image-carousel-slides-to-show, 3))}<\/style>\t\t<div class=\"elementor-image-carousel-wrapper swiper\" dir=\"ltr\">\n\t\t\t<div class=\"elementor-image-carousel swiper-wrapper\">\n\t\t\t\t\t\t\t\t<div class=\"swiper-slide\"><figure class=\"swiper-slide-inner\"><img decoding=\"async\" class=\"swiper-slide-image\" src=\"https:\/\/arcoconsultoria.polijuniorengenharia.com.br\/wp-content\/uploads\/2023\/04\/Copia-de-RENDER-8-768x432.jpg\" alt=\"C\u00f3pia de RENDER 8\" \/><\/figure><\/div><div class=\"swiper-slide\"><figure class=\"swiper-slide-inner\"><img decoding=\"async\" class=\"swiper-slide-image\" src=\"https:\/\/arcoconsultoria.polijuniorengenharia.com.br\/wp-content\/uploads\/2023\/04\/Copia-de-RENDER-9-768x432.jpg\" alt=\"C\u00f3pia de RENDER 9\" \/><\/figure><\/div><div class=\"swiper-slide\"><figure class=\"swiper-slide-inner\"><img decoding=\"async\" class=\"swiper-slide-image\" src=\"https:\/\/arcoconsultoria.polijuniorengenharia.com.br\/wp-content\/uploads\/2023\/04\/Copia-de-RENDER-7-1-768x432.jpg\" alt=\"C\u00f3pia de RENDER 7\" \/><\/figure><\/div><div class=\"swiper-slide\"><figure class=\"swiper-slide-inner\"><img decoding=\"async\" class=\"swiper-slide-image\" src=\"https:\/\/arcoconsultoria.polijuniorengenharia.com.br\/wp-content\/uploads\/2023\/04\/Copia-de-RENDER-12-768x421.jpg\" alt=\"C\u00f3pia de RENDER 12\" \/><\/figure><\/div>\t\t\t<\/div>\n\t\t\t\t\t\t\t\t\t\t\t\t\t\t\t\t<div class=\"elementor-swiper-button elementor-swiper-button-prev\">\n\t\t\t\t\t\t<i aria-hidden=\"true\" class=\"eicon-chevron-left\"><\/i>\t\t\t\t\t\t<span class=\"elementor-screen-only\">Anterior<\/span>\n\t\t\t\t\t<\/div>\n\t\t\t\t\t<div class=\"elementor-swiper-button elementor-swiper-button-next\">\n\t\t\t\t\t\t<i aria-hidden=\"true\" class=\"eicon-chevron-right\"><\/i>\t\t\t\t\t\t<span class=\"elementor-screen-only\">Pr\u00f3ximo<\/span>\n\t\t\t\t\t<\/div>\n\t\t\t\t\t\t\t\t\t<\/div>\n\t\t\t\t<\/div>\n\t\t\t\t<\/div>\n\t\t\t\t\t<\/div>\n\t\t<\/div>\n\t\t\t\t\t\t\t<\/div>\n\t\t<\/section>\n\t\t\t\t<section class=\"elementor-section elementor-top-section elementor-element elementor-element-6f9329a4 elementor-section-boxed elementor-section-height-default elementor-section-height-default\" data-id=\"6f9329a4\" data-element_type=\"section\">\n\t\t\t\t\t\t<div class=\"elementor-container elementor-column-gap-default\">\n\t\t\t\t\t<div class=\"elementor-column elementor-col-100 elementor-top-column elementor-element elementor-element-7ba2e221\" data-id=\"7ba2e221\" data-element_type=\"column\">\n\t\t\t<div class=\"elementor-widget-wrap elementor-element-populated\">\n\t\t\t\t\t\t\t\t<div class=\"elementor-element elementor-element-16cc43a3 elementor-widget elementor-widget-image\" data-id=\"16cc43a3\" data-element_type=\"widget\" data-widget_type=\"image.default\">\n\t\t\t\t<div class=\"elementor-widget-container\">\n\t\t\t\t\t\t\t\t\t\t\t\t\t\t\t<img decoding=\"async\" width=\"800\" height=\"825\" src=\"https:\/\/arcoconsultoria.polijuniorengenharia.com.br\/wp-content\/uploads\/2023\/03\/arcoPrancheta-16-993x1024.png\" class=\"attachment-large size-large wp-image-305\" alt=\"\" srcset=\"https:\/\/arcoconsultoria.polijuniorengenharia.com.br\/wp-content\/uploads\/2023\/03\/arcoPrancheta-16-993x1024.png 993w, https:\/\/arcoconsultoria.polijuniorengenharia.com.br\/wp-content\/uploads\/2023\/03\/arcoPrancheta-16-291x300.png 291w, https:\/\/arcoconsultoria.polijuniorengenharia.com.br\/wp-content\/uploads\/2023\/03\/arcoPrancheta-16-768x792.png 768w, https:\/\/arcoconsultoria.polijuniorengenharia.com.br\/wp-content\/uploads\/2023\/03\/arcoPrancheta-16-1489x1536.png 1489w, https:\/\/arcoconsultoria.polijuniorengenharia.com.br\/wp-content\/uploads\/2023\/03\/arcoPrancheta-16-1986x2048.png 1986w\" sizes=\"(max-width: 800px) 100vw, 800px\" \/>\t\t\t\t\t\t\t\t\t\t\t\t\t\t\t<\/div>\n\t\t\t\t<\/div>\n\t\t\t\t\t<\/div>\n\t\t<\/div>\n\t\t\t\t\t\t\t<\/div>\n\t\t<\/section>\n\t\t\t\t\t\t\t<\/div>\n\t\t","protected":false},"excerpt":{"rendered":"<p>ESCRIT\u00d3RIO MORAES E BORBA O espa\u00e7o apresentava um desafio de incluir diversos ambientes, sendo eles a recep\u00e7\u00e3o, o local de trabalho, a sala de reuni\u00f5es, um banheiro e a copa, al\u00e9m de atender os desejos dos clientes de prezar pelo conforto e praticidade no escrit\u00f3rio. Ent\u00e3o, o objetivo era criar um ambiente aconchegante e sofisticado, [&hellip;]<\/p>\n","protected":false},"author":1,"featured_media":0,"parent":0,"menu_order":0,"comment_status":"closed","ping_status":"closed","template":"","meta":{"footnotes":""},"_links":{"self":[{"href":"https:\/\/arcoconsultoria.polijuniorengenharia.com.br\/index.php\/wp-json\/wp\/v2\/pages\/1248"}],"collection":[{"href":"https:\/\/arcoconsultoria.polijuniorengenharia.com.br\/index.php\/wp-json\/wp\/v2\/pages"}],"about":[{"href":"https:\/\/arcoconsultoria.polijuniorengenharia.com.br\/index.php\/wp-json\/wp\/v2\/types\/page"}],"author":[{"embeddable":true,"href":"https:\/\/arcoconsultoria.polijuniorengenharia.com.br\/index.php\/wp-json\/wp\/v2\/users\/1"}],"replies":[{"embeddable":true,"href":"https:\/\/arcoconsultoria.polijuniorengenharia.com.br\/index.php\/wp-json\/wp\/v2\/comments?post=1248"}],"version-history":[{"count":3,"href":"https:\/\/arcoconsultoria.polijuniorengenharia.com.br\/index.php\/wp-json\/wp\/v2\/pages\/1248\/revisions"}],"predecessor-version":[{"id":1921,"href":"https:\/\/arcoconsultoria.polijuniorengenharia.com.br\/index.php\/wp-json\/wp\/v2\/pages\/1248\/revisions\/1921"}],"wp:attachment":[{"href":"https:\/\/arcoconsultoria.polijuniorengenharia.com.br\/index.php\/wp-json\/wp\/v2\/media?parent=1248"}],"curies":[{"name":"wp","href":"https:\/\/api.w.org\/{rel}","templated":true}]}}