{"id":1194,"date":"2023-04-24T20:30:16","date_gmt":"2023-04-24T23:30:16","guid":{"rendered":"https:\/\/arcoconsultoria.polijuniorengenharia.com.br\/?page_id=1194"},"modified":"2023-08-03T23:58:15","modified_gmt":"2023-08-04T02:58:15","slug":"casa-porto","status":"publish","type":"page","link":"https:\/\/arcoconsultoria.polijuniorengenharia.com.br\/index.php\/casa-porto\/","title":{"rendered":"Casa Porto"},"content":{"rendered":"\t\t<div data-elementor-type=\"wp-page\" data-elementor-id=\"1194\" class=\"elementor elementor-1194\">\n\t\t\t\t\t\t\t\t\t<section class=\"elementor-section elementor-top-section elementor-element elementor-element-690909ef elementor-section-full_width elementor-section-height-min-height elementor-section-items-stretch elementor-section-content-bottom elementor-section-height-default\" data-id=\"690909ef\" data-element_type=\"section\" data-settings=\"{&quot;background_background&quot;:&quot;classic&quot;}\">\n\t\t\t\t\t\t<div class=\"elementor-container elementor-column-gap-no\">\n\t\t\t\t\t<div class=\"elementor-column elementor-col-50 elementor-top-column elementor-element elementor-element-13f15cc9\" data-id=\"13f15cc9\" data-element_type=\"column\" data-settings=\"{&quot;background_background&quot;:&quot;classic&quot;}\">\n\t\t\t<div class=\"elementor-widget-wrap elementor-element-populated\">\n\t\t\t\t\t\t\t\t<div class=\"elementor-element elementor-element-3721d5f4 elementor-widget elementor-widget-heading\" data-id=\"3721d5f4\" data-element_type=\"widget\" data-widget_type=\"heading.default\">\n\t\t\t\t<div class=\"elementor-widget-container\">\n\t\t\t<style>\/*! elementor - v3.11.3 - 07-03-2023 *\/\n.elementor-heading-title{padding:0;margin:0;line-height:1}.elementor-widget-heading .elementor-heading-title[class*=elementor-size-]>a{color:inherit;font-size:inherit;line-height:inherit}.elementor-widget-heading .elementor-heading-title.elementor-size-small{font-size:15px}.elementor-widget-heading .elementor-heading-title.elementor-size-medium{font-size:19px}.elementor-widget-heading .elementor-heading-title.elementor-size-large{font-size:29px}.elementor-widget-heading .elementor-heading-title.elementor-size-xl{font-size:39px}.elementor-widget-heading .elementor-heading-title.elementor-size-xxl{font-size:59px}<\/style><h1 class=\"elementor-heading-title elementor-size-default\">CASA PORTO<\/h1>\t\t<\/div>\n\t\t\t\t<\/div>\n\t\t\t\t<div class=\"elementor-element elementor-element-37121f48 elementor-widget elementor-widget-heading\" data-id=\"37121f48\" data-element_type=\"widget\" data-widget_type=\"heading.default\">\n\t\t\t\t<div class=\"elementor-widget-container\">\n\t\t\t<h6 class=\"elementor-heading-title elementor-size-default\">Essa concep\u00e7\u00e3o externa pensada por n\u00f3s para uma casa em Porto de Galinhas, Ipojuca - PE, buscava permitir \u00e0 fam\u00edlia Porto uma melhor utiliza\u00e7\u00e3o da \u00e1rea de lazer t\u00e3o importante para essa casa de divers\u00e3o e descanso. Um dos grandes desejos dos clientes era obter mais privacidade devido \u00e0 proximidade de outras edifica\u00e7\u00f5es, o que foi poss\u00edvel por meio do uso de pain\u00e9is ripados de PVC acima dos muros do lote, ainda prezando pelo conforto ambiental e a circula\u00e7\u00e3o de ar. J\u00e1 dentro desses muros era preciso trazer o sentimento de harmonia e conex\u00e3o com a natureza, ent\u00e3o os revestimentos e vegeta\u00e7\u00e3o escolhida tomaram parte em transformar a \u00e1rea externa em um verdadeiro o\u00e1sis sofisticado e sustent\u00e1vel.<\/h6>\t\t<\/div>\n\t\t\t\t<\/div>\n\t\t\t\t\t<\/div>\n\t\t<\/div>\n\t\t\t\t<div class=\"elementor-column elementor-col-50 elementor-top-column elementor-element elementor-element-23955af7 elementor-hidden-mobile elementor-hidden-tablet\" data-id=\"23955af7\" data-element_type=\"column\">\n\t\t\t<div class=\"elementor-widget-wrap elementor-element-populated\">\n\t\t\t\t\t\t\t\t<div class=\"elementor-element elementor-element-38c287ba elementor-widget elementor-widget-image\" data-id=\"38c287ba\" data-element_type=\"widget\" data-widget_type=\"image.default\">\n\t\t\t\t<div class=\"elementor-widget-container\">\n\t\t\t<style>\/*! elementor - v3.11.3 - 07-03-2023 *\/\n.elementor-widget-image{text-align:center}.elementor-widget-image a{display:inline-block}.elementor-widget-image a img[src$=\".svg\"]{width:48px}.elementor-widget-image img{vertical-align:middle;display:inline-block}<\/style>\t\t\t\t\t\t\t\t\t\t\t\t<img decoding=\"async\" width=\"800\" height=\"825\" src=\"https:\/\/arcoconsultoria.polijuniorengenharia.com.br\/wp-content\/uploads\/2023\/03\/arcoPrancheta-16-993x1024.png\" class=\"attachment-large size-large wp-image-305\" alt=\"\" srcset=\"https:\/\/arcoconsultoria.polijuniorengenharia.com.br\/wp-content\/uploads\/2023\/03\/arcoPrancheta-16-993x1024.png 993w, https:\/\/arcoconsultoria.polijuniorengenharia.com.br\/wp-content\/uploads\/2023\/03\/arcoPrancheta-16-291x300.png 291w, https:\/\/arcoconsultoria.polijuniorengenharia.com.br\/wp-content\/uploads\/2023\/03\/arcoPrancheta-16-768x792.png 768w, https:\/\/arcoconsultoria.polijuniorengenharia.com.br\/wp-content\/uploads\/2023\/03\/arcoPrancheta-16-1489x1536.png 1489w, https:\/\/arcoconsultoria.polijuniorengenharia.com.br\/wp-content\/uploads\/2023\/03\/arcoPrancheta-16-1986x2048.png 1986w\" sizes=\"(max-width: 800px) 100vw, 800px\" \/>\t\t\t\t\t\t\t\t\t\t\t\t\t\t\t<\/div>\n\t\t\t\t<\/div>\n\t\t\t\t\t<\/div>\n\t\t<\/div>\n\t\t\t\t\t\t\t<\/div>\n\t\t<\/section>\n\t\t\t\t<section class=\"elementor-section elementor-top-section elementor-element elementor-element-78ec449e elementor-section-full_width elementor-section-content-bottom elementor-section-height-default elementor-section-height-default\" data-id=\"78ec449e\" data-element_type=\"section\" data-settings=\"{&quot;background_background&quot;:&quot;classic&quot;}\">\n\t\t\t\t\t\t<div class=\"elementor-container elementor-column-gap-default\">\n\t\t\t\t\t<div class=\"elementor-column elementor-col-100 elementor-top-column elementor-element elementor-element-171bb66d\" data-id=\"171bb66d\" data-element_type=\"column\">\n\t\t\t<div class=\"elementor-widget-wrap elementor-element-populated\">\n\t\t\t\t\t\t\t\t<div class=\"elementor-element elementor-element-36dd7788 elementor-arrows-position-inside elementor-widget elementor-widget-image-carousel\" data-id=\"36dd7788\" data-element_type=\"widget\" data-settings=\"{&quot;slides_to_show&quot;:&quot;3&quot;,&quot;navigation&quot;:&quot;arrows&quot;,&quot;slides_to_show_tablet&quot;:&quot;1&quot;,&quot;slides_to_show_mobile&quot;:&quot;1&quot;,&quot;autoplay&quot;:&quot;yes&quot;,&quot;pause_on_hover&quot;:&quot;yes&quot;,&quot;pause_on_interaction&quot;:&quot;yes&quot;,&quot;autoplay_speed&quot;:5000,&quot;infinite&quot;:&quot;yes&quot;,&quot;speed&quot;:500,&quot;image_spacing_custom&quot;:{&quot;unit&quot;:&quot;px&quot;,&quot;size&quot;:20,&quot;sizes&quot;:[]}}\" data-widget_type=\"image-carousel.default\">\n\t\t\t\t<div class=\"elementor-widget-container\">\n\t\t\t<style>\/*! elementor - v3.11.3 - 07-03-2023 *\/\n.elementor-widget-image-carousel .swiper,.elementor-widget-image-carousel .swiper-container{position:static}.elementor-widget-image-carousel .swiper-container .swiper-slide figure,.elementor-widget-image-carousel .swiper .swiper-slide figure{line-height:inherit}.elementor-widget-image-carousel .swiper-slide{text-align:center}.elementor-image-carousel-wrapper:not(.swiper-container-initialized) .swiper-slide,.elementor-image-carousel-wrapper:not(.swiper-initialized) .swiper-slide{max-width:calc(100% \/ var(--e-image-carousel-slides-to-show, 3))}<\/style>\t\t<div class=\"elementor-image-carousel-wrapper swiper\" dir=\"ltr\">\n\t\t\t<div class=\"elementor-image-carousel swiper-wrapper\">\n\t\t\t\t\t\t\t\t<div class=\"swiper-slide\"><figure class=\"swiper-slide-inner\"><img decoding=\"async\" class=\"swiper-slide-image\" src=\"https:\/\/arcoconsultoria.polijuniorengenharia.com.br\/wp-content\/uploads\/2023\/04\/Copia-de-IMAGEM-FOTORREALISTICA-4-768x432.jpg\" alt=\"C\u00f3pia de IMAGEM FOTORREAL\u00cdSTICA 4\" \/><\/figure><\/div><div class=\"swiper-slide\"><figure class=\"swiper-slide-inner\"><img decoding=\"async\" class=\"swiper-slide-image\" src=\"https:\/\/arcoconsultoria.polijuniorengenharia.com.br\/wp-content\/uploads\/2023\/04\/Copia-de-1_IMAGEM-FOTORREALISTICA-1-768x432.jpg\" alt=\"C\u00f3pia de 1_IMAGEM FOTORREAL\u00cdSTICA 1\" \/><\/figure><\/div><div class=\"swiper-slide\"><figure class=\"swiper-slide-inner\"><img decoding=\"async\" class=\"swiper-slide-image\" src=\"https:\/\/arcoconsultoria.polijuniorengenharia.com.br\/wp-content\/uploads\/2023\/04\/Copia-de-IMAGEM-FOTORREALISTICA-3-768x432.jpg\" alt=\"C\u00f3pia de IMAGEM FOTORREAL\u00cdSTICA 3\" \/><\/figure><\/div><div class=\"swiper-slide\"><figure class=\"swiper-slide-inner\"><img decoding=\"async\" class=\"swiper-slide-image\" src=\"https:\/\/arcoconsultoria.polijuniorengenharia.com.br\/wp-content\/uploads\/2023\/04\/Copia-de-IMAGEM-FOTORREALISTICA-17-768x432.jpg\" alt=\"C\u00f3pia de IMAGEM FOTORREAL\u00cdSTICA 17\" \/><\/figure><\/div><div class=\"swiper-slide\"><figure class=\"swiper-slide-inner\"><img decoding=\"async\" class=\"swiper-slide-image\" src=\"https:\/\/arcoconsultoria.polijuniorengenharia.com.br\/wp-content\/uploads\/2023\/04\/Copia-de-IMAGEM-FOTORREALISTICA-12-768x432.jpg\" alt=\"C\u00f3pia de IMAGEM FOTORREAL\u00cdSTICA 12\" \/><\/figure><\/div><div class=\"swiper-slide\"><figure class=\"swiper-slide-inner\"><img decoding=\"async\" class=\"swiper-slide-image\" src=\"https:\/\/arcoconsultoria.polijuniorengenharia.com.br\/wp-content\/uploads\/2023\/04\/Copia-de-IMAGEM-FOTORREALISTICA-14-768x432.jpg\" alt=\"C\u00f3pia de IMAGEM FOTORREAL\u00cdSTICA 14\" \/><\/figure><\/div>\t\t\t<\/div>\n\t\t\t\t\t\t\t\t\t\t\t\t\t\t\t\t<div class=\"elementor-swiper-button elementor-swiper-button-prev\">\n\t\t\t\t\t\t<i aria-hidden=\"true\" class=\"eicon-chevron-left\"><\/i>\t\t\t\t\t\t<span class=\"elementor-screen-only\">Anterior<\/span>\n\t\t\t\t\t<\/div>\n\t\t\t\t\t<div class=\"elementor-swiper-button elementor-swiper-button-next\">\n\t\t\t\t\t\t<i aria-hidden=\"true\" class=\"eicon-chevron-right\"><\/i>\t\t\t\t\t\t<span class=\"elementor-screen-only\">Pr\u00f3ximo<\/span>\n\t\t\t\t\t<\/div>\n\t\t\t\t\t\t\t\t\t<\/div>\n\t\t\t\t<\/div>\n\t\t\t\t<\/div>\n\t\t\t\t\t<\/div>\n\t\t<\/div>\n\t\t\t\t\t\t\t<\/div>\n\t\t<\/section>\n\t\t\t\t<section class=\"elementor-section elementor-top-section elementor-element elementor-element-20579e21 elementor-section-boxed elementor-section-height-default elementor-section-height-default\" data-id=\"20579e21\" data-element_type=\"section\">\n\t\t\t\t\t\t<div class=\"elementor-container elementor-column-gap-default\">\n\t\t\t\t\t<div class=\"elementor-column elementor-col-100 elementor-top-column elementor-element elementor-element-3683eb60\" data-id=\"3683eb60\" data-element_type=\"column\">\n\t\t\t<div class=\"elementor-widget-wrap elementor-element-populated\">\n\t\t\t\t\t\t\t\t<div class=\"elementor-element elementor-element-146c4a3c elementor-widget elementor-widget-image\" data-id=\"146c4a3c\" data-element_type=\"widget\" data-widget_type=\"image.default\">\n\t\t\t\t<div class=\"elementor-widget-container\">\n\t\t\t\t\t\t\t\t\t\t\t\t\t\t\t<img decoding=\"async\" width=\"800\" height=\"825\" src=\"https:\/\/arcoconsultoria.polijuniorengenharia.com.br\/wp-content\/uploads\/2023\/03\/arcoPrancheta-16-993x1024.png\" class=\"attachment-large size-large wp-image-305\" alt=\"\" srcset=\"https:\/\/arcoconsultoria.polijuniorengenharia.com.br\/wp-content\/uploads\/2023\/03\/arcoPrancheta-16-993x1024.png 993w, https:\/\/arcoconsultoria.polijuniorengenharia.com.br\/wp-content\/uploads\/2023\/03\/arcoPrancheta-16-291x300.png 291w, https:\/\/arcoconsultoria.polijuniorengenharia.com.br\/wp-content\/uploads\/2023\/03\/arcoPrancheta-16-768x792.png 768w, https:\/\/arcoconsultoria.polijuniorengenharia.com.br\/wp-content\/uploads\/2023\/03\/arcoPrancheta-16-1489x1536.png 1489w, https:\/\/arcoconsultoria.polijuniorengenharia.com.br\/wp-content\/uploads\/2023\/03\/arcoPrancheta-16-1986x2048.png 1986w\" sizes=\"(max-width: 800px) 100vw, 800px\" \/>\t\t\t\t\t\t\t\t\t\t\t\t\t\t\t<\/div>\n\t\t\t\t<\/div>\n\t\t\t\t\t<\/div>\n\t\t<\/div>\n\t\t\t\t\t\t\t<\/div>\n\t\t<\/section>\n\t\t\t\t\t\t\t<\/div>\n\t\t","protected":false},"excerpt":{"rendered":"<p>CASA PORTO Essa concep\u00e7\u00e3o externa pensada por n\u00f3s para uma casa em Porto de Galinhas, Ipojuca &#8211; PE, buscava permitir \u00e0 fam\u00edlia Porto uma melhor utiliza\u00e7\u00e3o da \u00e1rea de lazer t\u00e3o importante para essa casa de divers\u00e3o e descanso. Um dos grandes desejos dos clientes era obter mais privacidade devido \u00e0 proximidade de outras edifica\u00e7\u00f5es, [&hellip;]<\/p>\n","protected":false},"author":1,"featured_media":0,"parent":0,"menu_order":0,"comment_status":"closed","ping_status":"closed","template":"","meta":{"footnotes":""},"_links":{"self":[{"href":"https:\/\/arcoconsultoria.polijuniorengenharia.com.br\/index.php\/wp-json\/wp\/v2\/pages\/1194"}],"collection":[{"href":"https:\/\/arcoconsultoria.polijuniorengenharia.com.br\/index.php\/wp-json\/wp\/v2\/pages"}],"about":[{"href":"https:\/\/arcoconsultoria.polijuniorengenharia.com.br\/index.php\/wp-json\/wp\/v2\/types\/page"}],"author":[{"embeddable":true,"href":"https:\/\/arcoconsultoria.polijuniorengenharia.com.br\/index.php\/wp-json\/wp\/v2\/users\/1"}],"replies":[{"embeddable":true,"href":"https:\/\/arcoconsultoria.polijuniorengenharia.com.br\/index.php\/wp-json\/wp\/v2\/comments?post=1194"}],"version-history":[{"count":3,"href":"https:\/\/arcoconsultoria.polijuniorengenharia.com.br\/index.php\/wp-json\/wp\/v2\/pages\/1194\/revisions"}],"predecessor-version":[{"id":1909,"href":"https:\/\/arcoconsultoria.polijuniorengenharia.com.br\/index.php\/wp-json\/wp\/v2\/pages\/1194\/revisions\/1909"}],"wp:attachment":[{"href":"https:\/\/arcoconsultoria.polijuniorengenharia.com.br\/index.php\/wp-json\/wp\/v2\/media?parent=1194"}],"curies":[{"name":"wp","href":"https:\/\/api.w.org\/{rel}","templated":true}]}}